{"id":8,"date":"2012-09-18T13:00:09","date_gmt":"2012-09-18T11:00:09","guid":{"rendered":"http:\/\/tipilsen.cz\/?page_id=8"},"modified":"2026-04-15T15:17:47","modified_gmt":"2026-04-15T13:17:47","slug":"members","status":"publish","type":"page","link":"https:\/\/tipilsen.cz\/CS\/members\/","title":{"rendered":"\u010clenov\u00e9"},"content":{"rendered":"<p><a href=\"https:\/\/www.safran-group.com\"><strong><strong class=\"left\">Safran Cabin CZ s.r.o.<\/strong><\/strong><\/a><\/p>\n<ul>\n<li style=\"text-align: left;\"><a href=\"https:\/\/tipilsen.cz\/wp-content\/uploads\/LOGO_SAFRAN_rvb-scaled.jpg\"><img loading=\"lazy\" decoding=\"async\" class=\"size-thumbnail wp-image-1740 alignright\" src=\"https:\/\/tipilsen.cz\/wp-content\/uploads\/LOGO_SAFRAN_rvb-150x51.jpg\" alt=\"SAFRAN\" width=\"150\" height=\"51\" srcset=\"https:\/\/tipilsen.cz\/wp-content\/uploads\/LOGO_SAFRAN_rvb-150x51.jpg 150w, https:\/\/tipilsen.cz\/wp-content\/uploads\/LOGO_SAFRAN_rvb-300x103.jpg 300w, https:\/\/tipilsen.cz\/wp-content\/uploads\/LOGO_SAFRAN_rvb-1024x351.jpg 1024w, https:\/\/tipilsen.cz\/wp-content\/uploads\/LOGO_SAFRAN_rvb-768x263.jpg 768w, https:\/\/tipilsen.cz\/wp-content\/uploads\/LOGO_SAFRAN_rvb-1536x527.jpg 1536w, https:\/\/tipilsen.cz\/wp-content\/uploads\/LOGO_SAFRAN_rvb-2048x702.jpg 2048w\" sizes=\"auto, (max-width: 150px) 100vw, 150px\" \/><\/a>Safran Cabin je sou\u010d\u00e1st\u00ed glob\u00e1ln\u00ed hi-tech skupiny p\u016fsob\u00edc\u00ed v leteck\u00e9m, obrann\u00e9m a kosmick\u00e9m pr\u016fmyslu. Safran Cabin se v Plzni zab\u00fdv\u00e1 v\u00fdrobou kuchy\u0148sk\u00fdch modul\u016f pro letadla Airbus, aktu\u00e1ln\u011b zam\u011bstn\u00e1v\u00e1 1 000 spolupracovn\u00edk\u016f.<\/li>\n<li>S\u00eddlo firmy:\u00a0Univerzitn\u00ed 1119\/34, 301 00 Plze\u0148<\/li>\n<\/ul>\n<p><a href=\"https:\/\/www.compteq.io\"><strong><strong class=\"left\">Compteq.io\u00a0<wbr \/>\u00a0<wbr \/>s.r.o.<\/strong><\/strong><\/a><\/p>\n<ul>\n<li style=\"text-align: left;\"><a href=\"https:\/\/tipilsen.cz\/wp-content\/uploads\/a1168e35eca5aaf933eab60c34bbd6.jpg\"><img loading=\"lazy\" decoding=\"async\" class=\"size-thumbnail wp-image-1703 alignright\" src=\"https:\/\/tipilsen.cz\/wp-content\/uploads\/a1168e35eca5aaf933eab60c34bbd6-150x33.jpg\" alt=\"\" width=\"150\" height=\"33\" srcset=\"https:\/\/tipilsen.cz\/wp-content\/uploads\/a1168e35eca5aaf933eab60c34bbd6-150x33.jpg 150w, https:\/\/tipilsen.cz\/wp-content\/uploads\/a1168e35eca5aaf933eab60c34bbd6.jpg 218w\" sizes=\"auto, (max-width: 150px) 100vw, 150px\" \/><\/a>V\u00fdvoj\u00e1\u0159i \u0161pi\u010dkov\u00e9 pr\u016fmyslov\u00e9 elektroniky. N\u00e1vrh a v\u00fdvoj hardwaru na m\u00edru nebo cel\u00fdch po\u010d\u00edta\u010d\u016f.\u00a0Testov\u00e1n\u00ed a ov\u011b\u0159ov\u00e1n\u00ed. Vytv\u00e1\u0159en\u00ed prototyp\u016f. Testov\u00e1n\u00ed elektromagnetick\u00e9 kompatibility.<\/li>\n<li>S\u00eddlo firmy: Teslova 1120\/1, 301 00 Plze\u0148<\/li>\n<\/ul>\n<p><strong><a href=\"http:\/\/www.scherdel.cz\">Technick\u00e9 pru\u017einy Scherdel <img loading=\"lazy\" decoding=\"async\" class=\"alignright wp-image-1372\" src=\"https:\/\/tipilsen.cz\/wp-content\/uploads\/Scherdel2-300x51.png\" alt=\"\" width=\"165\" height=\"28\" srcset=\"https:\/\/tipilsen.cz\/wp-content\/uploads\/Scherdel2-300x51.png 300w, https:\/\/tipilsen.cz\/wp-content\/uploads\/Scherdel2-150x25.png 150w, https:\/\/tipilsen.cz\/wp-content\/uploads\/Scherdel2.png 546w\" sizes=\"auto, (max-width: 165px) 100vw, 165px\" \/>s.r.o.<\/a>\u00a0 \u00a0 \u00a0 \u00a0 \u00a0 \u00a0 \u00a0 \u00a0 \u00a0 \u00a0 \u00a0 \u00a0 \u00a0 \u00a0 \u00a0 \u00a0 \u00a0 \u00a0 \u00a0 \u00a0\u00a0<\/strong><\/p>\n<ul>\n<li>Skupina SCHERDEL je rychle rostouc\u00ed, nez\u00e1visl\u00fd rodinn\u00fd koncern p\u016fsob\u00edc\u00ed ve 32 zem\u00edch po cel\u00e9m sv\u011bt\u011b. Nab\u00edz\u00ed rozs\u00e1hl\u00e9 portfolio v\u00fdrobk\u016f se zam\u011b\u0159en\u00edm na tv\u00e1\u0159en\u00ed kov\u016f, mont\u00e1\u017ee a spojov\u00e1n\u00ed technologi\u00ed, stroj\u016f a design p\u0159\u00edpravk\u016f a konstrukc\u00ed,\u00a0je dlouhodob\u011b jedn\u00edm z p\u0159edn\u00edch celosv\u011btov\u00fdch v\u00fdrobc\u016f technick\u00fdch pru\u017ein.<\/li>\n<li>Spole\u010dnost Technick\u00e9 pru\u017einy Scherdel s.r.o. je sou\u010d\u00e1st\u00ed tohoto koncernu a jej\u00ed \u010dinnost je zam\u011b\u0159ena na v\u00fdrobu pru\u017ein zejm\u00e9na pro automobilov\u00fd pr\u016fmysl a montovan\u00fdch a sva\u0159ovan\u00fdch sestav pro elektromobily.<\/li>\n<li>Adresa: Vyso\u010dany 54, Bor u Tachova PS\u010c 34802<\/li>\n<\/ul>\n<p><strong><a href=\"http:\/\/www.gerresheimer.com\">Gerresheimer Hor\u0161ovsk\u00fd T\u00fdn spol. s.r.o.<\/a> \u00a0 \u00a0 \u00a0 \u00a0 <img loading=\"lazy\" decoding=\"async\" class=\"alignright wp-image-212 size-thumbnail\" src=\"https:\/\/tipilsen.cz\/wp-content\/uploads\/Gerresheimer-150x40.gif\" alt=\"Gerresheimer\" width=\"150\" height=\"40\" \/>\u00a0 \u00a0 \u00a0 \u00a0 \u00a0 \u00a0 \u00a0 \u00a0 \u00a0 \u00a0 \u00a0 \u00a0 \u00a0<\/strong><\/p>\n<ul>\n<li style=\"text-align: justify;\">Gerresheimer je mezin\u00e1rodn\u011b p\u016fsob\u00edc\u00ed v\u00fdrobce vysoce kvalitn\u00edch speci\u00e1ln\u00edch v\u00fdrobk\u016f ze skla a plastu pro glob\u00e1ln\u00ed farmacii a zdravotnictv\u00ed.<\/li>\n<li>S\u00eddlo: Zahradn\u00ed 282, Hor\u0161ovsk\u00fd T\u00fdn<\/li>\n<\/ul>\n<p><strong><strong class=\"left\"><a href=\"http:\/\/www.gk-software.com\">GK Software Czech Republic s.r.o.<\/a> <img loading=\"lazy\" decoding=\"async\" class=\"wp-image-1950 size-full alignright\" src=\"https:\/\/tipilsen.cz\/wp-content\/uploads\/image001.gif\" alt=\"\" width=\"110\" height=\"65\" \/><br \/>\n<\/strong><\/strong><\/p>\n<ul>\n<li style=\"text-align: justify;\">Spole\u010dnost GK Software Czech Republic s.r.o.\u00a0byla v roce 1997 zalo\u017eena jako dce\u0159in\u00e1 spole\u010dnost firmy GK Software SE,<br \/>\na\u017e do roku 2025 p\u016fsobila pod n\u00e1zvem Eurosoftware. Jej\u00ed specializac\u00ed je v\u00fdzkum a v\u00fdvoj aplikac\u00ed a inovativn\u00edch IT \u0159e\u0161en\u00ed pro mezin\u00e1rodn\u00ed obchodn\u00ed \u0159et\u011bzce.<\/li>\n<li>S\u00eddlo: Rad\u010dick\u00e1 60\/40, 301 00 Plze\u0148<\/li>\n<\/ul>\n<p><strong><a href=\"http:\/\/www.zf.com\">ZF Sta\u0148kov s.r.o.<\/a> <a href=\"http:\/\/www.zf.com\" rel=\"http:\/\/www.zf.com\"><img loading=\"lazy\" decoding=\"async\" class=\"alignright wp-image-1277\" src=\"http:\/\/tipilsen.cz\/wp-content\/uploads\/ZF-logo-STD-Blue-3C-300x300.png\" alt=\"\" width=\"83\" height=\"83\" srcset=\"https:\/\/tipilsen.cz\/wp-content\/uploads\/ZF-logo-STD-Blue-3C-300x300.png 300w, https:\/\/tipilsen.cz\/wp-content\/uploads\/ZF-logo-STD-Blue-3C-150x150.png 150w, https:\/\/tipilsen.cz\/wp-content\/uploads\/ZF-logo-STD-Blue-3C-768x768.png 768w, https:\/\/tipilsen.cz\/wp-content\/uploads\/ZF-logo-STD-Blue-3C-1024x1024.png 1024w, https:\/\/tipilsen.cz\/wp-content\/uploads\/ZF-logo-STD-Blue-3C.png 1182w\" sizes=\"auto, (max-width: 83px) 100vw, 83px\" \/><\/a>\u00a0 \u00a0 \u00a0 \u00a0 \u00a0 \u00a0 \u00a0 \u00a0 \u00a0 \u00a0 \u00a0 \u00a0 \u00a0 \u00a0<\/strong><\/p>\n<ul>\n<li style=\"text-align: justify;\">ZF Sta\u0148kov je sou\u010d\u00e1st\u00ed p\u0159edn\u00edho sv\u011btov\u00e9ho dodavatele do automobilov\u00e9ho pr\u016fmyslu ZF Group. Specializuje se na technologie v oblasti podvozk\u016f a hnac\u00edch soustav.<\/li>\n<li>S\u00eddlo firmy: Ohu\u010dov 25, 345 61 Sta\u0148kov<\/li>\n<\/ul>\n<p><strong><a href=\"http:\/\/www.konplan.cz\">Konplan\u00a0s.r.o.<\/a> \u00a0<img loading=\"lazy\" decoding=\"async\" class=\"alignright wp-image-817 size-thumbnail\" src=\"http:\/\/tipilsen.cz\/wp-content\/uploads\/Konplan-150x45.jpg\" alt=\"Konplan\" width=\"150\" height=\"45\" srcset=\"https:\/\/tipilsen.cz\/wp-content\/uploads\/Konplan-150x45.jpg 150w, https:\/\/tipilsen.cz\/wp-content\/uploads\/Konplan.jpg 190w\" sizes=\"auto, (max-width: 150px) 100vw, 150px\" \/> \u00a0 \u00a0 \u00a0 \u00a0 \u00a0 \u00a0 \u00a0 \u00a0 \u00a0 \u00a0 \u00a0 \u00a0 \u00a0 \u00a0 \u00a0 \u00a0 \u00a0 \u00a0 \u00a0 \u00a0 \u00a0 \u00a0 \u00a0 \u00a0 \u00a0 \u00a0 \u00a0 \u00a0 \u00a0 \u00a0 \u00a0 \u00a0 \u00a0 \u00a0 \u00a0 \u00a0 \u00a0 \u00a0 \u00a0 \u00a0 \u00a0 \u00a0 \u00a0 \u00a0 \u00a0\u00a0\u00a0 \u00a0 \u00a0 \u00a0 \u00a0 \u00a0 \u00a0 \u00a0 \u00a0 \u00a0 \u00a0 \u00a0 \u00a0 \u00a0 \u00a0 \u00a0 \u00a0 \u00a0<\/strong><\/p>\n<ul>\n<li style=\"text-align: justify;\">Konplan konstruuje, pl\u00e1nuje, designuje a programuje\u00a0pro \u010desk\u00e9 a n\u011bmeck\u00e9 z\u00e1kazn\u00edky pro spole\u010dnosti, kter\u00e9 se zab\u00fdvaj\u00ed: potravin\u00e1\u0159sk\u00fdm pr\u016fmyslem, energetick\u00fdm pr\u016fmyslem technology, automobilov\u00fdm pr\u016fmyslem, stavebn\u00edm pr\u016fmyslem\u00a0a dal\u0161\u00edmi.<\/li>\n<li>S\u00eddlo firmy:\u00a0Pod\u011bbradova 2842\/1, 301 00 Plze\u0148<\/li>\n<\/ul>\n<p><strong><a href=\"http:\/\/www.bonnel.eu\">BONNEL TECHNOLOGIE s. r. o.<\/a> \u00a0 \u00a0 \u00a0<img loading=\"lazy\" decoding=\"async\" class=\"alignright wp-image-239\" src=\"http:\/\/tipilsen.cz\/wp-content\/uploads\/Logo_BONNEL.bmp\" alt=\"Logo_BONNEL\" width=\"132\" height=\"49\" \/> \u00a0 \u00a0 \u00a0 \u00a0 \u00a0 \u00a0 \u00a0 \u00a0 \u00a0 \u00a0 \u00a0 \u00a0 \u00a0 \u00a0 \u00a0 \u00a0 \u00a0 \u00a0 \u00a0 \u00a0 \u00a0 \u00a0 \u00a0 \u00a0 \u00a0 \u00a0 \u00a0 \u00a0<\/strong><\/p>\n<ul>\n<li style=\"text-align: justify;\">BONNEL TECHNOLOGIE nab\u00edz\u00ed slu\u017eby v oblasti v\u00fdvoje a v\u00fdroby elektroniky, a to zejm\u00e9na v oblasti automatizace, zabezpe\u010dovac\u00ed techniky a po\u010d\u00edta\u010dov\u00e9ho softwaru.<\/li>\n<li>S\u00eddlo: Wolkerova 38, Cheb<\/li>\n<\/ul>\n<p><strong><a href=\"http:\/\/www.kermi.cz\">Kermi, s.r.o.<\/a> \u00a0 \u00a0 \u00a0<img loading=\"lazy\" decoding=\"async\" class=\"alignright\" src=\"http:\/\/tipilsen.cz\/wp-content\/uploads\/kermi-logo-mit-afg.png\" alt=\"kermi-logo-mit-afg\" width=\"112\" height=\"74\" \/> \u00a0 \u00a0 \u00a0 \u00a0 \u00a0 \u00a0 \u00a0 \u00a0 \u00a0 \u00a0 \u00a0 \u00a0 \u00a0 \u00a0 \u00a0 \u00a0 \u00a0 \u00a0 \u00a0 \u00a0 \u00a0 \u00a0 \u00a0 \u00a0 \u00a0 \u00a0 \u00a0 \u00a0 \u00a0 \u00a0 \u00a0 \u00a0 \u00a0 \u00a0 \u00a0 \u00a0 \u00a0 \u00a0 \u00a0 \u00a0 \u00a0 \u00a0 \u00a0 \u00a0 \u00a0 \u00a0 \u00a0 \u00a0 \u00a0 \u00a0\u00a0 \u00a0 \u00a0 \u00a0 \u00a0 \u00a0 \u00a0 \u00a0 \u00a0 \u00a0 \u00a0 \u00a0 \u00a0 \u00a0 \u00a0 \u00a0 \u00a0 \u00a0 \u00a0 \u00a0 \u00a0 \u00a0 \u00a0 \u00a0 \u00a0 \u00a0 \u00a0 \u00a0 \u00a0 \u00a0 \u00a0 \u00a0 \u00a0 \u00a0 \u00a0 \u00a0 \u00a0 \u00a0 \u00a0 \u00a0 \u00a0 \u00a0 \u00a0 \u00a0 \u00a0 \u00a0 \u00a0 \u00a0 \u00a0 \u00a0 \u00a0 \u00a0 \u00a0\u00a0<\/strong><\/p>\n<ul>\n<li>Kermi je jedn\u00edm z p\u0159edn\u00edch evropsk\u00fdch v\u00fdrobc\u016f tepeln\u00e9 techniky a sprchov\u00fdch kout\u016f.<\/li>\n<li>S\u00eddlo: St\u0159\u00edbro, Dukelsk\u00e1 1427<\/li>\n<\/ul>\n<p><strong><a href=\"https:\/\/daimlerbuses.cz\">Daimler Buses \u010cesk\u00e1 republika s.r.o.<\/a> \u00a0 \u00a0 \u00a0 <img loading=\"lazy\" decoding=\"async\" class=\"alignright wp-image-1871\" src=\"https:\/\/tipilsen.cz\/wp-content\/uploads\/419261845_914604630673747_7770488393653225795_n-300x300.jpg\" alt=\"\" width=\"130\" height=\"130\" srcset=\"https:\/\/tipilsen.cz\/wp-content\/uploads\/419261845_914604630673747_7770488393653225795_n-300x300.jpg 300w, https:\/\/tipilsen.cz\/wp-content\/uploads\/419261845_914604630673747_7770488393653225795_n-1024x1024.jpg 1024w, https:\/\/tipilsen.cz\/wp-content\/uploads\/419261845_914604630673747_7770488393653225795_n-150x150.jpg 150w, https:\/\/tipilsen.cz\/wp-content\/uploads\/419261845_914604630673747_7770488393653225795_n-768x768.jpg 768w, https:\/\/tipilsen.cz\/wp-content\/uploads\/419261845_914604630673747_7770488393653225795_n.jpg 1200w\" sizes=\"auto, (max-width: 130px) 100vw, 130px\" \/>\u00a0 \u00a0 \u00a0 \u00a0 \u00a0 \u00a0 \u00a0 \u00a0 \u00a0 \u00a0 \u00a0 \u00a0 \u00a0 \u00a0 \u00a0 \u00a0 \u00a0 \u00a0 \u00a0 \u00a0 \u00a0 \u00a0 \u00a0 \u00a0 \u00a0 \u00a0\u00a0<\/strong><\/p>\n<ul>\n<li style=\"text-align: justify;\">Spole\u010dnost Daimler Buses \u010cesk\u00e1 republika s.r.o. je odpov\u011bdn\u00e1 za prodej a servis autobus\u016f Mercedes-Benz a Setra v \u010cesk\u00e9 republice. Krom\u011b toho vyr\u00e1b\u00ed segmenty podvozk\u016f a z\u00e1kladn\u00edch konstrukc\u00ed pro t\u00e9m\u011b\u0159 v\u0161echny typy autobus\u016f Mercedes-Benz a Setra ve v\u00fdrobn\u00edm z\u00e1vodu v Hol\u00fd\u0161ov\u011b na Plze\u0148sku.<\/li>\n<li style=\"text-align: justify;\">S\u00eddlo:\u00a0Na H\u016frce 211\/10, 161 00 Praha 6<\/li>\n<\/ul>\n<p><strong><a href=\"http:\/\/www.goldratt.cz\">GOLDRATT CZ, s.r.o.<\/a> \u00a0 \u00a0 \u00a0 \u00a0 \u00a0 <img loading=\"lazy\" decoding=\"async\" class=\"alignright\" title=\"GOLDRATT\" src=\"http:\/\/tipilsen.cz\/wp-content\/uploads\/GOLDRATT-150x31.jpg\" alt=\"\" width=\"150\" height=\"31\" \/>\u00a0 \u00a0 \u00a0 \u00a0 \u00a0 \u00a0 \u00a0 \u00a0 \u00a0 \u00a0 \u00a0 \u00a0 \u00a0 \u00a0 \u00a0 \u00a0 \u00a0 \u00a0 \u00a0 \u00a0 \u00a0 \u00a0 \u00a0 \u00a0 \u00a0 \u00a0 \u00a0 \u00a0 \u00a0 \u00a0\u00a0<\/strong><\/p>\n<ul>\n<li style=\"text-align: justify;\">Spole\u010dnost Goldratt CZ, s.r.o. dod\u00e1v\u00e1 ucelen\u00e9 projekty zam\u011b\u0159en\u00e9 na zvy\u0161ov\u00e1n\u00ed ziskovosti podniku. K\u00a0tomuto \u00fa\u010delu vyu\u017e\u00edv\u00e1 firma Goldratt CZ, s.r.o. p\u0159edev\u0161\u00edm metod Theory of Constraints (Teorie omezen\u00ed, TOC)<span style=\"color: #000000;\"><em><strong>.<\/strong><\/em><\/span><\/li>\n<li>S\u00eddlo:\u00a0Po\u010dernick\u00e1 272\/96, 110 00 Praha 10 \u2013 Male\u0161ice<\/li>\n<\/ul>\n<p><strong><a href=\"http:\/\/www.bpagency.cz\">Blue Project Agency, s.r.o.<\/a> \u00a0 <img loading=\"lazy\" decoding=\"async\" class=\"alignright\" title=\"BPA\" src=\"http:\/\/tipilsen.cz\/wp-content\/uploads\/BPA-150x91.jpg\" alt=\"\" width=\"120\" height=\"73\" \/>\u00a0 \u00a0 \u00a0 \u00a0 \u00a0 \u00a0 \u00a0 \u00a0 \u00a0 \u00a0 \u00a0 \u00a0 \u00a0 \u00a0 \u00a0 \u00a0 \u00a0 \u00a0 \u00a0 \u00a0 \u00a0 \u00a0 \u00a0 \u00a0 \u00a0 \u00a0 \u00a0 \u00a0 \u00a0 \u00a0 \u00a0 \u00a0 \u00a0 \u00a0 \u00a0 \u00a0 \u00a0<\/strong><\/p>\n<ul>\n<li style=\"text-align: justify;\">Blue Projects Agency se zab\u00fdv\u00e1 p\u0159\u00edpravou a realizac\u00ed projekt\u016f podporovan\u00fdch EU a \u010desk\u00fdm st\u00e1tem, zvy\u0161ov\u00e1n\u00edm v\u00fdkonnosti firem a analytickou \u010dinnost\u00ed.<\/li>\n<li>S\u00eddlo:\u00a0Roh\u00e1\u010dova 188\/37, 130 00 Praha 3<\/li>\n<\/ul>\n<p><a href=\"https:\/\/www.leuze-engineering.com\/en\/\"><strong>Leuze Engineering Czech s.r.o.<\/strong><\/a> <img loading=\"lazy\" decoding=\"async\" class=\"wp-image-1872 alignright\" src=\"https:\/\/tipilsen.cz\/wp-content\/uploads\/Leuze1-2-300x198.webp\" alt=\"\" width=\"153\" height=\"101\" srcset=\"https:\/\/tipilsen.cz\/wp-content\/uploads\/Leuze1-2-300x198.webp 300w, https:\/\/tipilsen.cz\/wp-content\/uploads\/Leuze1-2-150x99.webp 150w, https:\/\/tipilsen.cz\/wp-content\/uploads\/Leuze1-2.webp 530w\" sizes=\"auto, (max-width: 153px) 100vw, 153px\" \/><\/p>\n<ul>\n<li style=\"text-align: justify;\">70+ zam\u011bstnanc\u016f v Plzni, Ostrav\u011b a \u010cesk\u00fdch Bud\u011bjovic\u00edch vyv\u00edj\u00ed, testuje a automatizuje nov\u00e9 produkty pro z\u00e1kazn\u00edky v \u010cesk\u00e9 republice, N\u011bmecku a Rakousku ji\u017e od roku 2017. Mimo to se tak\u00e9 soust\u0159ed\u00ed na v\u00fdzkumn\u00e9 a vzd\u011bl\u00e1vac\u00ed projekty ve spolupr\u00e1ci s v\u011bdci a studenty technick\u00fdch univerzit.<\/li>\n<li>S\u00eddlo: Pod Vrchem 1201\/51a 312 00 Plze\u0148<\/li>\n<\/ul>\n<p style=\"text-align: left;\"><a href=\"http:\/\/www.airpower.cz\">AIR POWER s.r.o.<\/a><img loading=\"lazy\" decoding=\"async\" class=\" wp-image-1905 alignright\" src=\"https:\/\/tipilsen.cz\/wp-content\/uploads\/LOGO_AIR-POWER_barevne-300x61.png\" alt=\"\" width=\"285\" height=\"58\" srcset=\"https:\/\/tipilsen.cz\/wp-content\/uploads\/LOGO_AIR-POWER_barevne-300x61.png 300w, https:\/\/tipilsen.cz\/wp-content\/uploads\/LOGO_AIR-POWER_barevne-1024x210.png 1024w, https:\/\/tipilsen.cz\/wp-content\/uploads\/LOGO_AIR-POWER_barevne-150x31.png 150w, https:\/\/tipilsen.cz\/wp-content\/uploads\/LOGO_AIR-POWER_barevne-768x157.png 768w, https:\/\/tipilsen.cz\/wp-content\/uploads\/LOGO_AIR-POWER_barevne-1536x315.png 1536w, https:\/\/tipilsen.cz\/wp-content\/uploads\/LOGO_AIR-POWER_barevne.png 1587w\" sizes=\"auto, (max-width: 285px) 100vw, 285px\" \/><\/p>\n<ul>\n<li><span style=\"color: #000000;\"><span style=\"caret-color: #000000;\">AIR POWER s.r.o. je plze\u0148sk\u00e1 stroj\u00edrensk\u00e1 firma s mezin\u00e1rodn\u00edm p\u0159esahem, kter\u00e1 od roku 2001 vyr\u00e1b\u00ed \u0161pi\u010dkov\u00e9 stroje a za\u0159\u00edzen\u00ed pro sv\u011btov\u00e9 zna\u010dky. Po zalo\u017een\u00ed vlastn\u00edho v\u00fdvojov\u00e9ho odd\u011blen\u00ed v roce 2016 uvedla na trh vlastn\u00ed produkty, a to od kompresor\u016f a gener\u00e1tor\u016f a\u017e po bateriov\u00e9 stanice a osv\u011btlovac\u00ed v\u011b\u017ee. <\/span><\/span><\/li>\n<li><span style=\"color: #000000;\"><span style=\"caret-color: #000000;\">Zam\u011bstn\u00e1v\u00e1 130 odborn\u00edk\u016f a z\u00e1kazn\u00edk\u016fm nab\u00edz\u00ed kompletn\u00ed v\u00fdvoj, v\u00fdrobu, testov\u00e1n\u00ed i v\u00edcestup\u0148ovou kontrolu kvality. Mezi jej\u00ed hlavn\u00ed pil\u00ed\u0159e pat\u0159\u00ed d\u016fraz na inovace, rostouc\u00ed obrat, \u00fasp\u011bch na sv\u011btov\u00fdch trz\u00edch a siln\u00e1 orientace na kvalitu. AIR POWER z\u00edskala \u0159adu ocen\u011bn\u00ed, v\u010detn\u011b titulu Firma roku Plze\u0148sk\u00e9ho kraje (2023) a m\u00edsta mezi 100 nejlep\u0161\u00edmi \u010desk\u00fdmi firmami. <\/span><\/span><\/li>\n<li><span style=\"color: #000000;\"><span style=\"caret-color: #000000;\">Motto firmy: <em data-start=\"807\" data-end=\"854\">V\u017edy je cesta. A kdy\u017e nen\u00ed, tak ji postav\u00edme.<\/em><\/span><\/span><\/li>\n<li>S\u00eddlo:\u00a0Ji\u017en\u00ed P\u0159edm\u011bst\u00ed 2942 (Are\u00e1l \u0160koda, VIII. br\u00e1na) 301\u00a000\u00a0Plze\u0148 3<\/li>\n<\/ul>\n<p><\/p>","protected":false},"excerpt":{"rendered":"<p>Safran Cabin CZ s.r.o. Safran Cabin je sou\u010d\u00e1st\u00ed glob\u00e1ln\u00ed hi-tech skupiny p\u016fsob\u00edc\u00ed v leteck\u00e9m, obrann\u00e9m a kosmick\u00e9m pr\u016fmyslu. Safran Cabin se v Plzni zab\u00fdv\u00e1 v\u00fdrobou kuchy\u0148sk\u00fdch modul\u016f pro letadla Airbus, aktu\u00e1ln\u011b zam\u011bstn\u00e1v\u00e1 1 000 spolupracovn\u00edk\u016f. S\u00eddlo firmy:\u00a0Univerzitn\u00ed 1119\/34, 301 00 &hellip; <a href=\"https:\/\/tipilsen.cz\/CS\/members\/\">Cel\u00fd p\u0159\u00edsp\u011bvek <span class=\"meta-nav\">&rarr;<\/span><\/a><\/p>\n","protected":false},"author":10,"featured_media":0,"parent":0,"menu_order":0,"comment_status":"closed","ping_status":"closed","template":"","meta":{"footnotes":""},"class_list":["post-8","page","type-page","status-publish","hentry"],"_links":{"self":[{"href":"https:\/\/tipilsen.cz\/CS\/wp-json\/wp\/v2\/pages\/8","targetHints":{"allow":["GET"]}}],"collection":[{"href":"https:\/\/tipilsen.cz\/CS\/wp-json\/wp\/v2\/pages"}],"about":[{"href":"https:\/\/tipilsen.cz\/CS\/wp-json\/wp\/v2\/types\/page"}],"author":[{"embeddable":true,"href":"https:\/\/tipilsen.cz\/CS\/wp-json\/wp\/v2\/users\/10"}],"replies":[{"embeddable":true,"href":"https:\/\/tipilsen.cz\/CS\/wp-json\/wp\/v2\/comments?post=8"}],"version-history":[{"count":174,"href":"https:\/\/tipilsen.cz\/CS\/wp-json\/wp\/v2\/pages\/8\/revisions"}],"predecessor-version":[{"id":1966,"href":"https:\/\/tipilsen.cz\/CS\/wp-json\/wp\/v2\/pages\/8\/revisions\/1966"}],"wp:attachment":[{"href":"https:\/\/tipilsen.cz\/CS\/wp-json\/wp\/v2\/media?parent=8"}],"curies":[{"name":"wp","href":"https:\/\/api.w.org\/{rel}","templated":true}]}}