{"id":530,"date":"2013-11-20T13:42:35","date_gmt":"2013-11-20T12:42:35","guid":{"rendered":"http:\/\/tipilsen.cz\/?page_id=530"},"modified":"2016-03-17T14:45:44","modified_gmt":"2016-03-17T13:45:44","slug":"technology-lined-with-gold","status":"publish","type":"page","link":"https:\/\/tipilsen.cz\/CS\/technology-lined-with-gold\/","title":{"rendered":"Technika m\u00e1 zlat\u00e9 dno"},"content":{"rendered":"<p><\/p>\n<p style=\"text-align: justify;\">Dne 19.3.2013 se v\u00a0Plzni se\u0161la pracovn\u00ed skupina na podporu technick\u00e9ho vzd\u011bl\u00e1v\u00e1n\u00ed slo\u017een\u00e1 se z\u00e1stupc\u016f sdru\u017een\u00ed\u00a0 Technological Initiative Pilsen (d\u00e1le jen TIP) a sdru\u017een\u00ed \u201cTEO\u201d \u2013 Sdru\u017een\u00ed pro rozvoj technick\u00e9ho odborn\u00e9ho vzd\u011bl\u00e1v\u00e1n\u00ed a rozvoj lidsk\u00fdch zdroj\u016f v regionu Tachov (d\u00e1le jen TEO).<\/p>\n<p style=\"text-align: justify;\">Za sdru\u017een\u00ed TIP se jedn\u00e1n\u00ed z\u00fa\u010dastnili z\u00e1stupci spole\u010dnost\u00ed SWA, GRAMMER CZ, EvoBus, Gerresheimer<b>\u00a0<\/b>Horsovsky Tyn a Blue Projects Agency. Za sdru\u017een\u00ed TEO se z\u00fa\u010dastnili z\u00e1stupci spole\u010dnost\u00ed Kermi, IDEAL AUTOMOTIVE Bor a GRAMMER CZ.<\/p>\n<p style=\"text-align: justify;\">Pracovn\u00ed skupina se shodla na n\u00e1sleduj\u00edc\u00edm\u00a0<b>devateru doporu\u010den\u00ed<\/b>\u00a0ke spole\u010dn\u00fdm krok\u016fm spolupr\u00e1ce v\u00a0oblasti podpory vzd\u011bl\u00e1v\u00e1n\u00ed v\u00a0technick\u00fdch oborech.<\/p>\n<p style=\"text-align: justify;\"><span style=\"text-decoration: underline;\">1. Nav\u00e1zat spolupr\u00e1ci s konkr\u00e9tn\u00edmi \u0161kolami v regionu<\/span><\/p>\n<p style=\"text-align: justify;\">Smyslem je nav\u00e1zat funguj\u00edc\u00ed partnerstv\u00ed se \u0161kolami (zejm\u00e9na Z\u0160 a technick\u00fdmi S\u0160) v\u00a0dosahu \u010dlensk\u00e9ho podniku, ka\u017ed\u00e1 firma by m\u011bla udr\u017eovat alespo\u0148 jedno partnerstv\u00ed.<\/p>\n<p style=\"text-align: justify;\">Spole\u010dnosti budou pravideln\u011b p\u0159ipravovat a aktualizovat ide\u00e1ln\u00ed profily absolvent\u016f, kter\u00e9 se u nich pracovn\u011b uplatn\u00ed. D\u00e1le budou p\u0159ipravovat a aktualizovat v\u00fdhledy \u2013 po\u010dty absolvent\u016f S\u0160\/V\u0160, kter\u00e9 budou na trhu pr\u00e1ce popt\u00e1vat v\u00a0budouc\u00edch letech. Tyto informace budou spole\u010dnostmi aktualizov\u00e1ny, spole\u010dn\u011b zve\u0159ej\u0148ov\u00e1ny a medializov\u00e1ny.<\/p>\n<p style=\"text-align: justify;\">Spole\u010dnosti budou systematicky zad\u00e1vat diplomov\u00e9 a jin\u00fdch prac\u00ed pro studenty technick\u00fdch vysok\u00fdch \u0161kol.<\/p>\n<p style=\"text-align: justify;\"><span style=\"text-decoration: underline;\">2. Po\u0159\u00e1dat koordinovan\u00e9 dny otev\u0159en\u00fdch dve\u0159\u00ed<\/span><\/p>\n<p style=\"text-align: justify;\">\u010clensk\u00e9 spole\u010dnosti obou sdru\u017een\u00ed budou po\u0159\u00e1dat spole\u010dn\u00e9 dny otev\u0159en\u00fdch dve\u0159\u00ed, a to tak, \u017ee otev\u0159en\u00e9 dve\u0159e budou 1x do roka pro \u0161irokou ve\u0159ejnost (1. \u010dervna) a 1x v\u00a0roce v\u00fdhradn\u011b pro \u0161koly (1. a 2. t\u00fdden m\u011bs\u00edce \u00fanora). Term\u00edny t\u011bchto akc\u00ed budou shodn\u00e9 pro v\u0161echny \u010dleny. \u010clenov\u00e9 uv\u00edtaj\u00ed, pokud se k\u00a0jejich iniciativ\u011b p\u0159ipoj\u00ed i dal\u0161\u00ed technologick\u00e9 spole\u010dnosti.<\/p>\n<p style=\"text-align: justify;\"><span style=\"text-decoration: underline;\">3. Hledat a podporovat mlad\u00e9 techniky<\/span><\/p>\n<p style=\"text-align: justify;\">C\u00edlem t\u00e9to aktivity bude propagovat technick\u00e9 v\u011bci kolem n\u00e1s i v\u00a0jednotliv\u00fdch podnic\u00edch a vzbuzovat z\u00e1jem pro techniku u mlad\u00fdch lid\u00ed. N\u00e1strojem pro dosa\u017een\u00ed c\u00edl\u016f aktivity bude po\u0159\u00e1d\u00e1n\u00ed sout\u011b\u017e\u00ed jednotliv\u00fdmi \u010dlensk\u00fdmi firmami s\u00a0c\u00edlem propagace techniky a technick\u00fdch obor\u016f \u201emlad\u00fdmi techniky\u201c samotn\u00fdmi mezi jejich vrstevn\u00edky. Pokud se iniciativa bude \u00fasp\u011b\u0161n\u011b rozv\u00edjet, bude pro v\u00fdherce uspo\u0159\u00e1d\u00e1v\u00e1no spole\u010dn\u00e9 p\u0159ed\u00e1v\u00e1n\u00ed cen \u010di jin\u00e9 vhodn\u00e9 akty uzn\u00e1n\u00ed.<\/p>\n<p style=\"text-align: justify;\"><span style=\"text-decoration: underline;\">4. Uk\u00e1zat mlad\u00fdm techniku ve spr\u00e1vn\u00e9 chv\u00edli na spr\u00e1vn\u00e9m m\u00edst\u011b<\/span><\/p>\n<p style=\"text-align: justify;\">C\u00edlem doporu\u010den\u00ed je pomoci jednotliv\u00fdm \u0161kol\u00e1m nebo \u0161koln\u00edm dru\u017ein\u00e1m podporovat a rozv\u00edjet technick\u00e9 nad\u00e1n\u00ed u d\u011bt\u00ed a ml\u00e1de\u017ee. \u010clensk\u00e9 firmy budou podporovat roz\u0161i\u0159ov\u00e1n\u00ed vhodn\u00fdch technick\u00fdch hra\u010dek a pom\u016fcek ve v\u00fduce i ve h\u0159e. Mezi vhodn\u00e9 p\u0159\u00edklady pat\u0159\u00ed:<\/p>\n<ul style=\"text-align: justify;\">\n<li>vyu\u017eit\u00ed t\u00e9matick\u00e9ho \u201eKufru\u201c, kter\u00fd je pln\u00fd v\u011bc\u00ed k\u00a0r\u016fzn\u00fdm technick\u00fdm t\u00e9mat\u016fm \u2013 dob\u00fdv\u00e1n\u00ed vesm\u00edru, mechanika, optick\u00e9 jevy, atd.<\/li>\n<li>vyu\u017eit\u00ed stavebnice Merkur,<\/li>\n<li>vyu\u017eit\u00ed stavebnice Lego.<\/li>\n<\/ul>\n<p style=\"text-align: justify;\"><span style=\"text-decoration: underline;\">5. Propagovat my\u0161lenku perspektivnosti z\u00e1jmu o techniku<\/span><\/p>\n<p style=\"text-align: justify;\">\u010clensk\u00e9 firmy podpo\u0159\u00ed tvorbu a zve\u0159ejn\u011bn\u00ed p\u0159edloh jednoduch\u00fdch propaga\u010dn\u00edch materi\u00e1l\u016f, kter\u00e9 bude mo\u017en\u00e9 vytisknout nebo vyrobit v\u00a0ka\u017ed\u00e9 \u010dlensk\u00e9 i ne-\u010dlensk\u00e9 spole\u010dnosti. Kdokoliv a kdekoliv tak bude moci podle sv\u00fdch sil propagovat z\u00e1jem o techniku dle sv\u00fdch mo\u017enost\u00ed. C\u00edlem je aby jednoduch\u00e9 plak\u00e1ty a v\u00fdzvy bylo mo\u017en\u00e9 pou\u017e\u00edt a vytisknout jednodu\u0161e pomoc\u00ed barevn\u00e9 tisk\u00e1rny. Druh\u00fdm c\u00edlem t\u00e9to aktivity je sdru\u017een\u00ed prost\u0159edk\u016f pro realizaci \u0161ir\u0161\u00ed medi\u00e1ln\u00ed kampan\u011b, c\u00edl\u00edc\u00ed na \u0161irokou ve\u0159ejnost.<\/p>\n<p style=\"text-align: justify;\"><span style=\"text-decoration: underline;\">\u00a06. Podporovat vyu\u017e\u00edv\u00e1n\u00ed elektronick\u00fdch u\u010debnic<\/span><\/p>\n<p style=\"text-align: justify;\">Iniciativa \u010dlen\u016f obou sdru\u017een\u00ed bude sm\u011b\u0159ovat k\u00a0podpo\u0159e tvorby elektronick\u00fdch u\u010debnic a jejich pou\u017e\u00edv\u00e1n\u00ed ve \u0161kol\u00e1ch.<\/p>\n<p style=\"text-align: justify;\"><span style=\"text-decoration: underline;\">7. Podporovat o\u017eiven\u00ed infrastruktury pro technick\u00e9 krou\u017eky a z\u00e1jmov\u00e9 \u010dinnosti<\/span><\/p>\n<p style=\"text-align: justify;\">C\u00edlem aktivity bude rozv\u00edjet a podporovat nadan\u00e9, technicky talentovan\u00e9 d\u011bti formou podpory vytv\u00e1\u0159en\u00ed technick\u00fdch krou\u017ek\u016f a technicky orientovan\u00e9 z\u00e1jmov\u00e9 \u010dinnosti. \u010clensk\u00e9 firmy se pokus\u00ed zmapovat st\u00e1vaj\u00edc\u00ed funguj\u00edc\u00ed i nefunguj\u00edc\u00ed infrastrukturu ve sv\u00e9m okol\u00ed a budou podporovat jej\u00ed obnovu a provoz.<\/p>\n<p style=\"text-align: justify;\"><span style=\"text-decoration: underline;\">8. P\u0159ipravit p\u0159\u00edle\u017eitosti formou st\u00e1\u017e\u00ed a prax\u00ed pro u\u010dn\u011b, st\u0159edo\u0161kol\u00e1ky a vysoko\u0161kol\u00e1ky<\/span><\/p>\n<p style=\"text-align: justify;\">C\u00edlem je p\u0159iv\u00e9st studenty a absolventy do praxe, aby se v\u00a0ur\u010dit\u00e9m \u010dasov\u00e9m obdob\u00ed systematicky v\u011bnovali praktick\u00e9 \u010dinnosti ve\u00a0funguj\u00edc\u00edm podniku. C\u00edlem je z\u00edsk\u00e1n\u00ed zku\u0161enost\u00ed pro studenty a absolventy i mo\u017enost uzav\u0159en\u00ed budouc\u00ed pracovn\u00ed smlouvy mezi st\u00e1\u017eistou a podnikem.<\/p>\n<p style=\"text-align: justify;\"><span style=\"text-decoration: underline;\">9. Ud\u011blovat podnikov\u00e1 stipendia student\u016fm S\u0160 a V\u0160<\/span><\/p>\n<p style=\"text-align: justify;\">C\u00edlem je podpo\u0159it studenty technick\u00fdch obor\u016f p\u0159i jejich studiu oproti jejich z\u00e1vazku setrv\u00e1n\u00ed v\u00a0pracovn\u00edm pom\u011bru u podniku, kter\u00fd jej p\u0159i studiu podporoval.<\/p>\n<p style=\"text-align: justify;\">Toto\u00a0<b>devatero doporu\u010den\u00ed<\/b>\u00a0si klade za c\u00edl inspirovat a \u010dlensk\u00e9 i ne\u010dlensk\u00e9 spole\u010dnosti v\u00a0jejich \u00fasil\u00ed o propagaci z\u00e1jmu o studium technick\u00fdch obor\u016f u mlad\u00fdch lid\u00ed. Sna\u017e\u00ed se sjednotit okruhy p\u016fsoben\u00ed a minimalizovat pot\u0159ebn\u00e9 prost\u0159edky.<\/p>\n<p style=\"text-align: justify;\">Pod\u00edvejte se na na\u0161i kampa\u0148 <a href=\"http:\/\/tipilsen.cz\/campaign-to-promote-technical-education\/\">zde<\/a>.<\/p>\n<p><\/p>","protected":false},"excerpt":{"rendered":"<p>Dne 19.3.2013 se v\u00a0Plzni se\u0161la pracovn\u00ed skupina na podporu technick\u00e9ho vzd\u011bl\u00e1v\u00e1n\u00ed slo\u017een\u00e1 se z\u00e1stupc\u016f sdru\u017een\u00ed\u00a0 Technological Initiative Pilsen (d\u00e1le jen TIP) a sdru\u017een\u00ed \u201cTEO\u201d \u2013 Sdru\u017een\u00ed pro rozvoj technick\u00e9ho odborn\u00e9ho vzd\u011bl\u00e1v\u00e1n\u00ed a rozvoj lidsk\u00fdch zdroj\u016f v regionu Tachov (d\u00e1le jen &hellip; <a href=\"https:\/\/tipilsen.cz\/CS\/technology-lined-with-gold\/\">Cel\u00fd p\u0159\u00edsp\u011bvek <span class=\"meta-nav\">&rarr;<\/span><\/a><\/p>\n","protected":false},"author":10,"featured_media":0,"parent":0,"menu_order":0,"comment_status":"closed","ping_status":"open","template":"","meta":{"footnotes":""},"class_list":["post-530","page","type-page","status-publish","hentry"],"_links":{"self":[{"href":"https:\/\/tipilsen.cz\/CS\/wp-json\/wp\/v2\/pages\/530","targetHints":{"allow":["GET"]}}],"collection":[{"href":"https:\/\/tipilsen.cz\/CS\/wp-json\/wp\/v2\/pages"}],"about":[{"href":"https:\/\/tipilsen.cz\/CS\/wp-json\/wp\/v2\/types\/page"}],"author":[{"embeddable":true,"href":"https:\/\/tipilsen.cz\/CS\/wp-json\/wp\/v2\/users\/10"}],"replies":[{"embeddable":true,"href":"https:\/\/tipilsen.cz\/CS\/wp-json\/wp\/v2\/comments?post=530"}],"version-history":[{"count":4,"href":"https:\/\/tipilsen.cz\/CS\/wp-json\/wp\/v2\/pages\/530\/revisions"}],"predecessor-version":[{"id":1110,"href":"https:\/\/tipilsen.cz\/CS\/wp-json\/wp\/v2\/pages\/530\/revisions\/1110"}],"wp:attachment":[{"href":"https:\/\/tipilsen.cz\/CS\/wp-json\/wp\/v2\/media?parent=530"}],"curies":[{"name":"wp","href":"https:\/\/api.w.org\/{rel}","templated":true}]}}