{"id":524,"date":"2013-11-20T12:39:49","date_gmt":"2013-11-20T11:39:49","guid":{"rendered":"http:\/\/tipilsen.cz\/?page_id=524"},"modified":"2024-02-20T14:00:31","modified_gmt":"2024-02-20T13:00:31","slug":"management-structure","status":"publish","type":"page","link":"https:\/\/tipilsen.cz\/CS\/management-structure\/","title":{"rendered":"Management"},"content":{"rendered":"<p><\/p>\n<p align=\"left\"><strong>\u010clenov\u00e9 p\u0159edstavenstva:<\/strong><\/p>\n<p>P\u0159edseda p\u0159edstavenstva &#8211; Stephan Kronm\u00fcller (EUROSOFTWARE)<\/p>\n<p>M\u00edstop\u0159edseda p\u0159edstavenstva &#8211; Stefan Wasner (ZF Sta\u0148kov)<\/p>\n<p>\u010clen p\u0159edstavenstva &#8211; Ing. Pavel Majer (GOLDRATT)<\/p>\n<p><strong>Gener\u00e1ln\u00ed sekret\u00e1\u0159:<\/strong><\/p>\n<p>Jana Havlickova, MBA<\/p>\n<p><strong>Revizor:<\/strong><\/p>\n<p>Ing. Pavel Pet\u00e1k<\/p>\n<p><strong>Koordin\u00e1torka:<\/strong><\/p>\n<p>Jana Havl\u00ed\u010dkova<\/p>","protected":false},"excerpt":{"rendered":"<p>\u010clenov\u00e9 p\u0159edstavenstva: P\u0159edseda p\u0159edstavenstva &#8211; Stephan Kronm\u00fcller (EUROSOFTWARE) M\u00edstop\u0159edseda p\u0159edstavenstva &#8211; Stefan Wasner (ZF Sta\u0148kov) \u010clen p\u0159edstavenstva &#8211; Ing. Pavel Majer (GOLDRATT) Gener\u00e1ln\u00ed sekret\u00e1\u0159: Jana Havlickova, MBA Revizor: Ing. Pavel Pet\u00e1k Koordin\u00e1torka: Jana Havl\u00ed\u010dkova<\/p>\n","protected":false},"author":10,"featured_media":0,"parent":0,"menu_order":5,"comment_status":"closed","ping_status":"open","template":"","meta":{"footnotes":""},"class_list":["post-524","page","type-page","status-publish","hentry"],"_links":{"self":[{"href":"https:\/\/tipilsen.cz\/CS\/wp-json\/wp\/v2\/pages\/524","targetHints":{"allow":["GET"]}}],"collection":[{"href":"https:\/\/tipilsen.cz\/CS\/wp-json\/wp\/v2\/pages"}],"about":[{"href":"https:\/\/tipilsen.cz\/CS\/wp-json\/wp\/v2\/types\/page"}],"author":[{"embeddable":true,"href":"https:\/\/tipilsen.cz\/CS\/wp-json\/wp\/v2\/users\/10"}],"replies":[{"embeddable":true,"href":"https:\/\/tipilsen.cz\/CS\/wp-json\/wp\/v2\/comments?post=524"}],"version-history":[{"count":31,"href":"https:\/\/tipilsen.cz\/CS\/wp-json\/wp\/v2\/pages\/524\/revisions"}],"predecessor-version":[{"id":1823,"href":"https:\/\/tipilsen.cz\/CS\/wp-json\/wp\/v2\/pages\/524\/revisions\/1823"}],"wp:attachment":[{"href":"https:\/\/tipilsen.cz\/CS\/wp-json\/wp\/v2\/media?parent=524"}],"curies":[{"name":"wp","href":"https:\/\/api.w.org\/{rel}","templated":true}]}}