{"id":22,"date":"2012-09-18T13:19:16","date_gmt":"2012-09-18T11:19:16","guid":{"rendered":"http:\/\/tipilsen.cz\/?page_id=22"},"modified":"2024-02-20T13:50:35","modified_gmt":"2024-02-20T12:50:35","slug":"contacts","status":"publish","type":"page","link":"https:\/\/tipilsen.cz\/CS\/contacts\/","title":{"rendered":"Kontakty"},"content":{"rendered":"<p>Technological Initiative Pilsen, z.s.p.o.<br \/>\nI\u010c:\u00a072568135<\/p>\n<p>Kontaktn\u00ed adresa:<br \/>\n\u017di\u017ekova 52,\u00a0301 00 Pilsen<\/p>\n<p>Kontaktn\u00ed osoba:<br \/>\nJana Havl\u00ed\u010dkov\u00e1, MBA<br \/>\n+420 773 611 197<br \/>\njana@dare2.cz<\/p>\n<p>Bankovn\u00ed \u00fa\u010det: 6799400036\/5500 Raiffeisenbank, a.s.<\/p>","protected":false},"excerpt":{"rendered":"<p>Technological Initiative Pilsen, z.s.p.o. I\u010c:\u00a072568135 Kontaktn\u00ed adresa: \u017di\u017ekova 52,\u00a0301 00 Pilsen Kontaktn\u00ed osoba: Jana Havl\u00ed\u010dkov\u00e1, MBA +420 773 611 197 jana@dare2.cz Bankovn\u00ed \u00fa\u010det: 6799400036\/5500 Raiffeisenbank, a.s.<\/p>\n","protected":false},"author":10,"featured_media":0,"parent":0,"menu_order":0,"comment_status":"closed","ping_status":"closed","template":"","meta":{"footnotes":""},"class_list":["post-22","page","type-page","status-publish","hentry"],"_links":{"self":[{"href":"https:\/\/tipilsen.cz\/CS\/wp-json\/wp\/v2\/pages\/22","targetHints":{"allow":["GET"]}}],"collection":[{"href":"https:\/\/tipilsen.cz\/CS\/wp-json\/wp\/v2\/pages"}],"about":[{"href":"https:\/\/tipilsen.cz\/CS\/wp-json\/wp\/v2\/types\/page"}],"author":[{"embeddable":true,"href":"https:\/\/tipilsen.cz\/CS\/wp-json\/wp\/v2\/users\/10"}],"replies":[{"embeddable":true,"href":"https:\/\/tipilsen.cz\/CS\/wp-json\/wp\/v2\/comments?post=22"}],"version-history":[{"count":18,"href":"https:\/\/tipilsen.cz\/CS\/wp-json\/wp\/v2\/pages\/22\/revisions"}],"predecessor-version":[{"id":1821,"href":"https:\/\/tipilsen.cz\/CS\/wp-json\/wp\/v2\/pages\/22\/revisions\/1821"}],"wp:attachment":[{"href":"https:\/\/tipilsen.cz\/CS\/wp-json\/wp\/v2\/media?parent=22"}],"curies":[{"name":"wp","href":"https:\/\/api.w.org\/{rel}","templated":true}]}}