{"id":2,"date":"2012-09-17T17:30:06","date_gmt":"2012-09-17T15:30:06","guid":{"rendered":"http:\/\/tipilsen.cz\/?page_id=2"},"modified":"2023-11-07T13:43:43","modified_gmt":"2023-11-07T12:43:43","slug":"neco-o-me","status":"publish","type":"page","link":"https:\/\/tipilsen.cz\/CS\/neco-o-me\/","title":{"rendered":"O n\u00e1s"},"content":{"rendered":"<p><\/p>\n<p style=\"text-align: justify;\">TIP je dobrovoln\u00fdm a nez\u00e1visl\u00fdm sdru\u017een\u00edm pr\u00e1vnick\u00fdch osob s p\u016fsobnost\u00ed na \u00fazem\u00ed \u010cesk\u00e9 republiky a ostatn\u00edch st\u00e1t\u016f Evropsk\u00e9 unie, jeho\u017e hlavn\u00edm c\u00edlem je spolupr\u00e1ce v\u00a0oblasti v\u00fdzkumu a v\u00fdvoje, vz\u00e1jemn\u00e9 sd\u00edlen\u00ed zdroj\u016f (zejm\u00e9na person\u00e1ln\u00edch, ekonomick\u00fdch, technick\u00fdch \u010di v\u00fdvojov\u00fdch), optimalizace v\u00fdrobn\u00edch, ekonomick\u00fdch a obchodn\u00edch podm\u00ednek \u010dlen\u016f a podpora podnik\u00e1n\u00ed.<\/p>\n<p style=\"text-align: justify;\">Hlavn\u00ed c\u00edle TIP budou dosahov\u00e1ny zejm\u00e9na prost\u0159ednictv\u00edm:<\/p>\n<ul>\n<li style=\"text-align: justify;\">vytv\u00e1\u0159en\u00ed prost\u0159ed\u00ed pro spolupr\u00e1ci \u010dlen\u016f iniciativy v\u00a0oblasti v\u00fdvoje, v\u011bdy a v\u00fdzkumu,<\/li>\n<li style=\"text-align: justify;\">vytv\u00e1\u0159en\u00ed prost\u0159ed\u00ed pro efektivn\u00ed sd\u00edlen\u00ed zdroj\u016f \u010dlen\u016f TIP,<\/li>\n<li style=\"text-align: justify;\">ochrana a prosazov\u00e1n\u00ed obecn\u00fdch a etick\u00fdch z\u00e1jm\u016f \u010dlen\u016f TIP,<\/li>\n<li>podpora tvorby pozitivn\u00ed image \u010dlen\u016f TIP,<\/li>\n<li style=\"text-align: justify;\">podpora \u010dlen\u016f TIP p\u0159i udr\u017eov\u00e1n\u00ed a roz\u0161i\u0159ov\u00e1n\u00ed vztah\u016f v\u00a0zahrani\u010d\u00ed,<\/li>\n<li style=\"text-align: justify;\">podpora chov\u00e1n\u00ed \u010dlen\u016f TIP, kter\u00e9 je v souladu s obchodn\u00edmi zvyklostmi, pravidly hospod\u00e1\u0159sk\u00e9 sout\u011b\u017ee a dobr\u00fdmi mravy,<\/li>\n<li style=\"text-align: justify;\">realizace spole\u010dn\u00fdch projekt\u016f.<\/li>\n<\/ul>\n<p style=\"text-align: justify;\">P\u0159edm\u011btem \u010dinnosti TIP je zejm\u00e9na:<\/p>\n<ul>\n<li style=\"text-align: justify;\">poskytov\u00e1n\u00ed odborn\u00fdch informac\u00ed, konzultac\u00ed, poradensk\u00fdch slu\u017eeb a stanovisek \u010dlen\u016fm i ne\u010dlen\u016fm TIP, org\u00e1n\u016fm st\u00e1tn\u00ed spr\u00e1vy a jin\u00fdm odborn\u00fdm instituc\u00edm,<\/li>\n<li style=\"text-align: justify;\">vytv\u00e1\u0159en\u00ed podm\u00ednek pro shroma\u017e\u010fov\u00e1n\u00ed voln\u011b p\u0159\u00edstupn\u00fdch odborn\u00fdch informac\u00ed a dat,<\/li>\n<li style=\"text-align: justify;\">podpora a formulace spole\u010dn\u00fdch opr\u00e1vn\u011bn\u00fdch z\u00e1jm\u016f \u010dlen\u016f TIP,<\/li>\n<li style=\"text-align: justify;\">organizov\u00e1n\u00ed vzniku voln\u00fdch ad hoc sdru\u017een\u00ed \u010dlen\u016f i ne\u010dlen\u016f TIP k realizaci p\u0159edm\u011btu \u010dinnosti TIP uveden\u00e9ho v p\u0159edchoz\u00edch odstavc\u00edch.<\/li>\n<\/ul>\n<p>\u010clensk\u00e9 firmy dos\u00e1hly v roce 2022 celkov\u00fdch prodej\u016f v \u00farovni p\u0159es 29 mld. CZK (1,18 mld. EUR) a zam\u011bstn\u00e1valy v\u00edce ne\u017e 6.800 zam\u011bstnanc\u016f.<\/p>","protected":false},"excerpt":{"rendered":"<p>TIP je dobrovoln\u00fdm a nez\u00e1visl\u00fdm sdru\u017een\u00edm pr\u00e1vnick\u00fdch osob s p\u016fsobnost\u00ed na \u00fazem\u00ed \u010cesk\u00e9 republiky a ostatn\u00edch st\u00e1t\u016f Evropsk\u00e9 unie, jeho\u017e hlavn\u00edm c\u00edlem je spolupr\u00e1ce v\u00a0oblasti v\u00fdzkumu a v\u00fdvoje, vz\u00e1jemn\u00e9 sd\u00edlen\u00ed zdroj\u016f (zejm\u00e9na person\u00e1ln\u00edch, ekonomick\u00fdch, technick\u00fdch \u010di v\u00fdvojov\u00fdch), optimalizace v\u00fdrobn\u00edch, ekonomick\u00fdch &hellip; <a href=\"https:\/\/tipilsen.cz\/CS\/neco-o-me\/\">Cel\u00fd p\u0159\u00edsp\u011bvek <span class=\"meta-nav\">&rarr;<\/span><\/a><\/p>\n","protected":false},"author":10,"featured_media":0,"parent":0,"menu_order":0,"comment_status":"closed","ping_status":"closed","template":"","meta":{"footnotes":""},"class_list":["post-2","page","type-page","status-publish","hentry"],"_links":{"self":[{"href":"https:\/\/tipilsen.cz\/CS\/wp-json\/wp\/v2\/pages\/2","targetHints":{"allow":["GET"]}}],"collection":[{"href":"https:\/\/tipilsen.cz\/CS\/wp-json\/wp\/v2\/pages"}],"about":[{"href":"https:\/\/tipilsen.cz\/CS\/wp-json\/wp\/v2\/types\/page"}],"author":[{"embeddable":true,"href":"https:\/\/tipilsen.cz\/CS\/wp-json\/wp\/v2\/users\/10"}],"replies":[{"embeddable":true,"href":"https:\/\/tipilsen.cz\/CS\/wp-json\/wp\/v2\/comments?post=2"}],"version-history":[{"count":14,"href":"https:\/\/tipilsen.cz\/CS\/wp-json\/wp\/v2\/pages\/2\/revisions"}],"predecessor-version":[{"id":1815,"href":"https:\/\/tipilsen.cz\/CS\/wp-json\/wp\/v2\/pages\/2\/revisions\/1815"}],"wp:attachment":[{"href":"https:\/\/tipilsen.cz\/CS\/wp-json\/wp\/v2\/media?parent=2"}],"curies":[{"name":"wp","href":"https:\/\/api.w.org\/{rel}","templated":true}]}}