{"id":191,"date":"2013-01-28T14:24:05","date_gmt":"2013-01-28T13:24:05","guid":{"rendered":"http:\/\/tipilsen.cz\/?page_id=191"},"modified":"2025-06-18T10:02:09","modified_gmt":"2025-06-18T08:02:09","slug":"documents","status":"publish","type":"page","link":"https:\/\/tipilsen.cz\/CS\/documents\/","title":{"rendered":"Dokumenty"},"content":{"rendered":"<p><a href=\"http:\/\/tipilsen.cz\/wp-content\/uploads\/Statutes_original.pdf\" rel=\"attachment wp-att-197\">Stanovy V1.0 (Platn\u00e9 od 9. kv\u011btna 2012 do 9. listopadu 2016)<\/a><\/p>\n<p><a href=\"http:\/\/tipilsen.cz\/wp-content\/uploads\/TIP_stanovy_2.0.pdf\">Stanovy V2.0 (Platn\u00e9 od 9. listopadu 2016)<\/a><\/p>\n<p><a href=\"http:\/\/tipilsen.cz\/wp-content\/uploads\/TIP_V\u00fdro\u010dn\u00ed-zpr\u00e1va_2012_V1.3.pdf\" rel=\"attachment wp-att-194\">V\u00fdro\u010dn\u00ed zpr\u00e1va 2012<\/a><\/p>\n<p><a title=\"V\u00fdro\u010dn\u00ed zpr\u00e1va 2013\" href=\"http:\/\/tipilsen.cz\/wp-content\/uploads\/TIP_V\u00fdro\u010dn\u00ed-zpr\u00e1va_2013_V1.2.pdf\">V\u00fdro\u010dn\u00ed zpr\u00e1va 2013<\/a><\/p>\n<p><a href=\"http:\/\/tipilsen.cz\/wp-content\/uploads\/TIP_V\u00fdro\u010dn\u00ed-zpr\u00e1va_2014_V1_3_cz.pdf\">V\u00fdro\u010dn\u00ed zpr\u00e1va 2014<\/a><\/p>\n<p><a href=\"http:\/\/tipilsen.cz\/wp-content\/uploads\/TIP_V\u00fdro\u010dn\u00ed-zpr\u00e1va_2015_V1.3.cz_.pdf\">V\u00fdro\u010dn\u00ed zpr\u00e1va 2015<\/a><\/p>\n<p><a href=\"http:\/\/tipilsen.cz\/wp-content\/uploads\/TIP_V\u00fdro\u010dn\u00ed-zpr\u00e1va_2016_V1.2-cz.pdf\">V\u00fdro\u010dn\u00ed zpr\u00e1va 2016<\/a><\/p>\n<p><a href=\"https:\/\/tipilsen.cz\/wp-content\/uploads\/TIP_V\u00fdro\u010dn\u00ed-zpr\u00e1va_2017_V1.2_cz.pdf\">V\u00fdro\u010dn\u00ed zpr\u00e1va 2017<\/a><\/p>\n<p><a href=\"https:\/\/tipilsen.cz\/wp-content\/uploads\/TIP_V\u00fdro\u010dn\u00ed-zpr\u00e1va_2018_V1.5_cz.pdf\">V\u00fdro\u010dn\u00ed zpr\u00e1va 2018<\/a><\/p>\n<p><a href=\"https:\/\/tipilsen.cz\/wp-content\/uploads\/TIP_Vyrocni-zprava_-2019_cz_V3.1.pdf\">V\u00fdro\u010dn\u00ed zpr\u00e1va 2019<\/a><\/p>\n<p><a href=\"https:\/\/tipilsen.cz\/wp-content\/uploads\/TIP_Vyrocni-zprava_2020_CZ_V2.3.pdf\">V\u00fdro\u010dn\u00ed zpr\u00e1va 2020<\/a><\/p>\n<p><a href=\"https:\/\/tipilsen.cz\/wp-content\/uploads\/TIP_Vyrocni-zprava_2021_CZ_V1.3.pdf\">V\u00fdro\u010dn\u00ed zpr\u00e1va 2021<\/a><\/p>\n<p><a href=\"https:\/\/tipilsen.cz\/wp-content\/uploads\/TIP_Vyrocni-zprava_2022_CZ_V1.4.pdf\">V\u00fdro\u010dn\u00ed zpr\u00e1va 2022<\/a><\/p>\n<p><a href=\"https:\/\/tipilsen.cz\/wp-content\/uploads\/CZ-TIP-Report-2023.pdf\">V\u00fdro\u010dn\u00ed zpr\u00e1va 2023<\/a><\/p>\n<p><a href=\"https:\/\/tipilsen.cz\/wp-content\/uploads\/CZ-TIP-Annual-Report-2024.pdf\">V\u00fdro\u010dn\u00ed zpr\u00e1va 2024<\/a><\/p>\n<p>&nbsp;<\/p>","protected":false},"excerpt":{"rendered":"<p>Stanovy V1.0 (Platn\u00e9 od 9. kv\u011btna 2012 do 9. listopadu 2016) Stanovy V2.0 (Platn\u00e9 od 9. listopadu 2016) V\u00fdro\u010dn\u00ed zpr\u00e1va 2012 V\u00fdro\u010dn\u00ed zpr\u00e1va 2013 V\u00fdro\u010dn\u00ed zpr\u00e1va 2014 V\u00fdro\u010dn\u00ed zpr\u00e1va 2015 V\u00fdro\u010dn\u00ed zpr\u00e1va 2016 V\u00fdro\u010dn\u00ed zpr\u00e1va 2017 V\u00fdro\u010dn\u00ed zpr\u00e1va 2018 V\u00fdro\u010dn\u00ed &hellip; <a href=\"https:\/\/tipilsen.cz\/CS\/documents\/\">Cel\u00fd p\u0159\u00edsp\u011bvek <span class=\"meta-nav\">&rarr;<\/span><\/a><\/p>\n","protected":false},"author":3,"featured_media":0,"parent":0,"menu_order":0,"comment_status":"closed","ping_status":"open","template":"","meta":{"footnotes":""},"class_list":["post-191","page","type-page","status-publish","hentry"],"_links":{"self":[{"href":"https:\/\/tipilsen.cz\/CS\/wp-json\/wp\/v2\/pages\/191","targetHints":{"allow":["GET"]}}],"collection":[{"href":"https:\/\/tipilsen.cz\/CS\/wp-json\/wp\/v2\/pages"}],"about":[{"href":"https:\/\/tipilsen.cz\/CS\/wp-json\/wp\/v2\/types\/page"}],"author":[{"embeddable":true,"href":"https:\/\/tipilsen.cz\/CS\/wp-json\/wp\/v2\/users\/3"}],"replies":[{"embeddable":true,"href":"https:\/\/tipilsen.cz\/CS\/wp-json\/wp\/v2\/comments?post=191"}],"version-history":[{"count":55,"href":"https:\/\/tipilsen.cz\/CS\/wp-json\/wp\/v2\/pages\/191\/revisions"}],"predecessor-version":[{"id":1936,"href":"https:\/\/tipilsen.cz\/CS\/wp-json\/wp\/v2\/pages\/191\/revisions\/1936"}],"wp:attachment":[{"href":"https:\/\/tipilsen.cz\/CS\/wp-json\/wp\/v2\/media?parent=191"}],"curies":[{"name":"wp","href":"https:\/\/api.w.org\/{rel}","templated":true}]}}