{"id":18,"date":"2012-09-18T13:15:20","date_gmt":"2012-09-18T11:15:20","guid":{"rendered":"http:\/\/tipilsen.cz\/?page_id=18"},"modified":"2023-02-06T13:18:07","modified_gmt":"2023-02-06T12:18:07","slug":"associated-members","status":"publish","type":"page","link":"https:\/\/tipilsen.cz\/CS\/associated-members\/","title":{"rendered":"Asociovan\u00ed partne\u0159i"},"content":{"rendered":"<p><strong>Z\u00e1pado\u010desk\u00e1 univerzita v Plzni:\u00a0<\/strong><strong>Nov\u00e9 technologie &#8211; v\u00fdzkumn\u00e9 centrum<\/strong><\/p>\n<ul>\n<li><strong><img loading=\"lazy\" decoding=\"async\" class=\"alignright wp-image-894 \" src=\"http:\/\/tipilsen.cz\/wp-content\/uploads\/Logo_NTC-150x76.jpg\" alt=\"Logo_NTC\" width=\"142\" height=\"72\" srcset=\"https:\/\/tipilsen.cz\/wp-content\/uploads\/Logo_NTC-150x76.jpg 150w, https:\/\/tipilsen.cz\/wp-content\/uploads\/Logo_NTC-300x153.jpg 300w, https:\/\/tipilsen.cz\/wp-content\/uploads\/Logo_NTC.jpg 314w\" sizes=\"auto, (max-width: 142px) 100vw, 142px\" \/><\/strong><span style=\"color: #000000;\"><span style=\"caret-color: #000000;\">NTC\u00a0<\/span><\/span>je instituc\u00ed, kter\u00e1 se zab\u00fdv\u00e1 aplikovan\u00fdm v\u00fdzkumem a v\u00fdvojem a transferem technologi\u00ed v oblastech v\u00fdvoje nov\u00fdch speci\u00e1ln\u00edch materi\u00e1l\u016f a m\u011b\u0159en\u00ed jejich vlastnost\u00ed, v\u00fdvoje laserov\u00fdch technologi\u00ed v materi\u00e1lov\u00e9m in\u017een\u00fdrstv\u00ed, po\u010d\u00edta\u010dov\u00e9ho modelov\u00e1n\u00ed, biomechaniky a bioin\u017een\u00fdrstv\u00ed.<strong>\u00a0 \u00a0<\/strong><\/li>\n<li style=\"text-align: justify;\">S\u00eddlo firmy:\u00a0Univerzitn\u00ed 8,\u00a0306 14 Plze\u0148<\/li>\n<\/ul>\n<p><a href=\"http:\/\/ntc.zcu.cz\/\">http:\/\/www.ntc.zcu.cz<\/a><\/p>\n<p><strong>Grammer CZ Servicecenter s.r.o.<br \/>\n<\/strong><\/p>\n<ul>\n<li style=\"text-align: justify;\"><strong style=\"text-align: start;\"><img loading=\"lazy\" decoding=\"async\" class=\"alignright\" title=\"GRAMMER\" src=\"http:\/\/tipilsen.cz\/wp-content\/uploads\/GRAMMER-150x81.jpg\" alt=\"\" width=\"135\" height=\"73\" \/><\/strong>Grammer SC\u00a0 CZ se specializuje na testov\u00e1n\u00ed a v\u00fdvoj syst\u00e9m\u016f i komponent pro interi\u00e9ry vozidel. Grammer SC CZ tak\u00e9 dod\u00e1v\u00e1 specializovan\u00e9 slu\u017eby z\u00e1kazn\u00edk\u016fm i \u010dlen\u016fm skupiny GRAMMER.<\/li>\n<li>S\u00eddlo firmy: Okru\u017en\u00ed 2042, 347 01 Tachov<\/li>\n<li><a href=\"http:\/\/www.grammer.com\/\">http:\/\/www.grammer.com<\/a><\/li>\n<\/ul>\n<p><strong>COMTES FHT a.s.<br \/>\n<\/strong><\/p>\n<ul>\n<li style=\"text-align: justify;\"><strong style=\"text-align: start;\"><img loading=\"lazy\" decoding=\"async\" class=\"alignright wp-image-811 size-thumbnail\" src=\"http:\/\/tipilsen.cz\/wp-content\/uploads\/logo_comtes-150x33.png\" alt=\"logo_comtes\" width=\"150\" height=\"33\" srcset=\"https:\/\/tipilsen.cz\/wp-content\/uploads\/logo_comtes-150x33.png 150w, https:\/\/tipilsen.cz\/wp-content\/uploads\/logo_comtes.png 269w\" sizes=\"auto, (max-width: 150px) 100vw, 150px\" \/><\/strong>Viz\u00ed COMTES FHT je b\u00fdt p\u0159edn\u00ed evropskou v\u00fdzkumnou organizac\u00ed, kter\u00e1 bude zaji\u0161\u0165ovat v\u00fdzkum a\u00a0v\u00fdvoj v\u00a0oblasti kovov\u00fdch materi\u00e1l\u016f, zav\u00e1d\u011bn\u00ed nov\u00fdch technologi\u00ed tv\u00e1\u0159en\u00ed a\u00a0tepeln\u00e9ho zpracov\u00e1n\u00ed kov\u016f p\u0159edev\u0161\u00edm v\u00a0kl\u00ed\u010dov\u00fdch oborech:\u00a0stroj\u00edrenstv\u00ed, automobilov\u00fd pr\u016fmysl a\u00a0energetika.<\/li>\n<li>S\u00eddlo firmy:\u00a0Pr\u016fmyslov\u00e1 995, 33441 Dob\u0159any<\/li>\n<li><a href=\"http:\/\/www.comtesfht.cz\/\">http:\/\/www.comtesfht.com<\/a><\/li>\n<\/ul>\n<p style=\"text-align: justify;\"><strong><strong>&#8222;TEO&#8220; &#8211; Sdru\u017een\u00ed pro rozvoj technick\u00e9ho odborn\u00e9ho vzd\u011bl\u00e1v\u00e1n\u00ed a rozvoj lidsk\u00fdch zdroj\u016f v regionu Tachov<\/strong><\/strong><\/p>\n<ul>\n<li style=\"text-align: justify;\"><img loading=\"lazy\" decoding=\"async\" class=\"size-thumbnail wp-image-237 alignright\" style=\"font-size: 12px; line-height: 18px;\" src=\"http:\/\/tipilsen.cz\/wp-content\/uploads\/TEO_logo-150x63.jpg\" alt=\"TEO_logo\" width=\"150\" height=\"63\" srcset=\"https:\/\/tipilsen.cz\/wp-content\/uploads\/TEO_logo-150x63.jpg 150w, https:\/\/tipilsen.cz\/wp-content\/uploads\/TEO_logo.jpg 203w\" sizes=\"auto, (max-width: 150px) 100vw, 150px\" \/>Sdru\u017een\u00ed firem a instituc\u00ed, kter\u00e1 se zab\u00fdv\u00e1 zejm\u00e9na: podporou technick\u00e9ho vzd\u011bl\u00e1v\u00e1n\u00ed, poskytov\u00e1n\u00edm pracovn\u00edch p\u0159\u00edle\u017eitost\u00ed v regionu, podporou vzd\u011bl\u00e1vac\u00edch aktivit pro \u0161koly a dal\u0161\u00edm profesn\u00edm vzd\u011bl\u00e1v\u00e1n\u00edm.<\/li>\n<li>S\u00eddlo: Sv\u011btce 1, Centrum najdete odborn\u00e9 pripravy, Tachov<\/li>\n<li><a href=\"http:\/\/www.sps-tachov.cz\/web\/cs\/skola\/sdrTEO\">http:\/\/www.sps-tachov.cz\/web\/cs\/skola\/sdrTEO<\/a><\/li>\n<\/ul>\n<p><strong>\u00a0<\/strong><strong>IHK Regensburg<\/strong><\/p>\n<ul>\n<li style=\"text-align: justify;\"><strong style=\"text-align: start;\"><img loading=\"lazy\" decoding=\"async\" class=\"alignright wp-image-214 size-thumbnail\" src=\"http:\/\/tipilsen.cz\/wp-content\/uploads\/IHK-150x40.jpg\" alt=\"IHK\" width=\"150\" height=\"40\" srcset=\"https:\/\/tipilsen.cz\/wp-content\/uploads\/IHK-150x40.jpg 150w, https:\/\/tipilsen.cz\/wp-content\/uploads\/IHK-300x81.jpg 300w, https:\/\/tipilsen.cz\/wp-content\/uploads\/IHK.jpg 431w\" sizes=\"auto, (max-width: 150px) 100vw, 150px\" \/><\/strong>IHK Regensburg je ve\u0159ejn\u00e1 instituce, jej\u00edmi \u010dleny jsou v\u0161echny spole\u010dnosti z oblasti Oberpfalz &#8211; Kelheim.<\/li>\n<li>S\u00eddlo firmy: Riegrova 206\/1, Plze\u0148<\/li>\n<li><a href=\"http:\/\/www.ihk-regensburg.de\/\">http:\/\/www.ihk-regensburg.de<\/a><\/li>\n<\/ul>\n<p><strong>\u010cesko-N\u011bmeck\u00e1 obchodn\u00ed pr\u016fmyslov\u00e1 komora \u00a0 \u00a0 \u00a0 \u00a0 \u00a0 \u00a0 \u00a0 \u00a0 <\/strong><\/p>\n<ul>\n<li style=\"text-align: justify;\"><a href=\"http:\/\/tipilsen.cz\/wp-content\/uploads\/AHK.jpg\"><img loading=\"lazy\" decoding=\"async\" class=\"alignright wp-image-209 size-thumbnail\" src=\"http:\/\/tipilsen.cz\/wp-content\/uploads\/AHK-150x30.jpg\" alt=\"AHK\" width=\"150\" height=\"30\" srcset=\"https:\/\/tipilsen.cz\/wp-content\/uploads\/AHK-150x30.jpg 150w, https:\/\/tipilsen.cz\/wp-content\/uploads\/AHK-300x61.jpg 300w, https:\/\/tipilsen.cz\/wp-content\/uploads\/AHK.jpg 407w\" sizes=\"auto, (max-width: 150px) 100vw, 150px\" \/><\/a>\u010cesko-n\u011bmeck\u00e1 obchodn\u00ed komora, kter\u00e1 je sou\u010d\u00e1st\u00ed celosv\u011btov\u00e9 s\u00edt\u011b bilater\u00e1ln\u00edch zahrani\u010dn\u00edch obchodn\u00edch komor, podporuje hospod\u00e1\u0159skou spolupr\u00e1ci mezi \u010ceskou republikou a N\u011bmeckem.<\/li>\n<li>S\u00eddlo: V\u00e1clavsk\u00e9 n\u00e1m\u011bst\u00ed 40, Praha 1<\/li>\n<li><a href=\"http:\/\/tschechien.ahk.de\/\">http:\/\/tschechien.ahk.de<\/a><\/li>\n<\/ul>\n<p><strong>SIT port<\/strong><\/p>\n<ul>\n<li style=\"text-align: justify;\"><a href=\"https:\/\/www.sitport.\/\"><img loading=\"lazy\" decoding=\"async\" class=\"alignright wp-image-1554\" src=\"https:\/\/tipilsen.cz\/wp-content\/uploads\/SITPort-300x126.png\" alt=\"\" width=\"193\" height=\"81\" srcset=\"https:\/\/tipilsen.cz\/wp-content\/uploads\/SITPort-300x126.png 300w, https:\/\/tipilsen.cz\/wp-content\/uploads\/SITPort-150x63.png 150w, https:\/\/tipilsen.cz\/wp-content\/uploads\/SITPort-768x323.png 768w, https:\/\/tipilsen.cz\/wp-content\/uploads\/SITPort.png 1000w\" sizes=\"auto, (max-width: 193px) 100vw, 193px\" \/><\/a>Projekt spadaj\u00edc\u00ed pod Spr\u00e1vu informa\u010dn\u00edch technologi\u00ed m\u011bsta Plzn\u011b. SIT port je projekt se zam\u011b\u0159en\u00edm na rozvoj podnik\u00e1n\u00ed a technologick\u00e9 komunity v Plzni.<\/li>\n<li>S\u00eddlo: Cukrovarsk\u00e1 20, Plze\u0148<\/li>\n<li><a href=\"https:\/\/www.sitport.cz\/\">https:\/\/www.sitport.cz\/<\/a><\/li>\n<\/ul>\n<p><\/p>","protected":false},"excerpt":{"rendered":"<p>Z\u00e1pado\u010desk\u00e1 univerzita v Plzni:\u00a0Nov\u00e9 technologie &#8211; v\u00fdzkumn\u00e9 centrum NTC\u00a0je instituc\u00ed, kter\u00e1 se zab\u00fdv\u00e1 aplikovan\u00fdm v\u00fdzkumem a v\u00fdvojem a transferem technologi\u00ed v oblastech v\u00fdvoje nov\u00fdch speci\u00e1ln\u00edch materi\u00e1l\u016f a m\u011b\u0159en\u00ed jejich vlastnost\u00ed, v\u00fdvoje laserov\u00fdch technologi\u00ed v materi\u00e1lov\u00e9m in\u017een\u00fdrstv\u00ed, po\u010d\u00edta\u010dov\u00e9ho modelov\u00e1n\u00ed, biomechaniky a &hellip; <a href=\"https:\/\/tipilsen.cz\/CS\/associated-members\/\">Cel\u00fd p\u0159\u00edsp\u011bvek <span class=\"meta-nav\">&rarr;<\/span><\/a><\/p>\n","protected":false},"author":10,"featured_media":0,"parent":0,"menu_order":0,"comment_status":"closed","ping_status":"closed","template":"","meta":{"footnotes":""},"class_list":["post-18","page","type-page","status-publish","hentry"],"_links":{"self":[{"href":"https:\/\/tipilsen.cz\/CS\/wp-json\/wp\/v2\/pages\/18","targetHints":{"allow":["GET"]}}],"collection":[{"href":"https:\/\/tipilsen.cz\/CS\/wp-json\/wp\/v2\/pages"}],"about":[{"href":"https:\/\/tipilsen.cz\/CS\/wp-json\/wp\/v2\/types\/page"}],"author":[{"embeddable":true,"href":"https:\/\/tipilsen.cz\/CS\/wp-json\/wp\/v2\/users\/10"}],"replies":[{"embeddable":true,"href":"https:\/\/tipilsen.cz\/CS\/wp-json\/wp\/v2\/comments?post=18"}],"version-history":[{"count":143,"href":"https:\/\/tipilsen.cz\/CS\/wp-json\/wp\/v2\/pages\/18\/revisions"}],"predecessor-version":[{"id":1753,"href":"https:\/\/tipilsen.cz\/CS\/wp-json\/wp\/v2\/pages\/18\/revisions\/1753"}],"wp:attachment":[{"href":"https:\/\/tipilsen.cz\/CS\/wp-json\/wp\/v2\/media?parent=18"}],"curies":[{"name":"wp","href":"https:\/\/api.w.org\/{rel}","templated":true}]}}