{"id":1100,"date":"2016-03-17T14:22:24","date_gmt":"2016-03-17T13:22:24","guid":{"rendered":"http:\/\/tipilsen.cz\/?page_id=1100"},"modified":"2019-02-05T18:26:24","modified_gmt":"2019-02-05T17:26:24","slug":"campaign-to-promote-technical-education","status":"publish","type":"page","link":"https:\/\/tipilsen.cz\/CS\/campaign-to-promote-technical-education\/","title":{"rendered":"Kamapa\u0148 na podporu technick\u00e9ho vzd\u011bl\u00e1v\u00e1n\u00ed"},"content":{"rendered":"<p><\/p>\n<p style=\"text-align: justify;\">Pro \u00fa\u010dely podpory technick\u00e9ho vzd\u011bl\u00e1v\u00e1n\u00ed vytvo\u0159ila Technologick\u00e1 iniciativa Plze\u0148 vlastn\u00ed grafickou kampa\u0148, do kter\u00e9 se m\u016f\u017ee zapojit kter\u00fdkoliv subjekt. \u00dast\u0159edn\u00edm motivem t\u00e9to kampan\u011b je unik\u00e1tn\u00ed USB pam\u011b\u0165ov\u00fd modul ve tvaru kl\u00ed\u010denky, kterou vytvo\u0159il a vyfotografoval pan Rob Smith z Velk\u00e9 Brit\u00e1nie. Od pana Smithe jsme z\u00edskali souhlas s vyu\u017eit\u00edm jeho fotografie pro neziskov\u00e9 \u0161\u00ed\u0159en\u00ed podpory technick\u00e9ho vzd\u011bl\u00e1v\u00e1n\u00ed. Chcete-li podpo\u0159it technick\u00e9 vzd\u011bl\u00e1v\u00e1n\u00ed pou\u017eijte nebo vytiskn\u011bt\u011b tento propaga\u010dn\u00ed obr\u00e1zek a um\u00edst\u011bte jej na vhodn\u00e9m m\u00edst\u011b.<\/p>\n<p><a href=\"https:\/\/tipilsen.cz\/wp-content\/uploads\/Inzer\u00e1t_2018_V5-1.png\"><img loading=\"lazy\" decoding=\"async\" class=\"alignleft size-full wp-image-1384\" src=\"https:\/\/tipilsen.cz\/wp-content\/uploads\/Inzer\u00e1t_2018_V5-1.png\" alt=\"\" width=\"2780\" height=\"2039\" srcset=\"https:\/\/tipilsen.cz\/wp-content\/uploads\/Inzer\u00e1t_2018_V5-1.png 2780w, https:\/\/tipilsen.cz\/wp-content\/uploads\/Inzer\u00e1t_2018_V5-1-150x110.png 150w, https:\/\/tipilsen.cz\/wp-content\/uploads\/Inzer\u00e1t_2018_V5-1-300x220.png 300w, https:\/\/tipilsen.cz\/wp-content\/uploads\/Inzer\u00e1t_2018_V5-1-768x563.png 768w, https:\/\/tipilsen.cz\/wp-content\/uploads\/Inzer\u00e1t_2018_V5-1-1024x751.png 1024w\" sizes=\"auto, (max-width: 2780px) 100vw, 2780px\" \/><\/a><\/p>\n<p>&nbsp;<\/p>\n<p style=\"text-align: justify;\">\n<p><\/p>","protected":false},"excerpt":{"rendered":"<p>Pro \u00fa\u010dely podpory technick\u00e9ho vzd\u011bl\u00e1v\u00e1n\u00ed vytvo\u0159ila Technologick\u00e1 iniciativa Plze\u0148 vlastn\u00ed grafickou kampa\u0148, do kter\u00e9 se m\u016f\u017ee zapojit kter\u00fdkoliv subjekt. \u00dast\u0159edn\u00edm motivem t\u00e9to kampan\u011b je unik\u00e1tn\u00ed USB pam\u011b\u0165ov\u00fd modul ve tvaru kl\u00ed\u010denky, kterou vytvo\u0159il a vyfotografoval pan Rob Smith z Velk\u00e9 &hellip; <a href=\"https:\/\/tipilsen.cz\/CS\/campaign-to-promote-technical-education\/\">Cel\u00fd p\u0159\u00edsp\u011bvek <span class=\"meta-nav\">&rarr;<\/span><\/a><\/p>\n","protected":false},"author":1,"featured_media":0,"parent":0,"menu_order":0,"comment_status":"closed","ping_status":"closed","template":"","meta":{"footnotes":""},"class_list":["post-1100","page","type-page","status-publish","hentry"],"_links":{"self":[{"href":"https:\/\/tipilsen.cz\/CS\/wp-json\/wp\/v2\/pages\/1100","targetHints":{"allow":["GET"]}}],"collection":[{"href":"https:\/\/tipilsen.cz\/CS\/wp-json\/wp\/v2\/pages"}],"about":[{"href":"https:\/\/tipilsen.cz\/CS\/wp-json\/wp\/v2\/types\/page"}],"author":[{"embeddable":true,"href":"https:\/\/tipilsen.cz\/CS\/wp-json\/wp\/v2\/users\/1"}],"replies":[{"embeddable":true,"href":"https:\/\/tipilsen.cz\/CS\/wp-json\/wp\/v2\/comments?post=1100"}],"version-history":[{"count":5,"href":"https:\/\/tipilsen.cz\/CS\/wp-json\/wp\/v2\/pages\/1100\/revisions"}],"predecessor-version":[{"id":1385,"href":"https:\/\/tipilsen.cz\/CS\/wp-json\/wp\/v2\/pages\/1100\/revisions\/1385"}],"wp:attachment":[{"href":"https:\/\/tipilsen.cz\/CS\/wp-json\/wp\/v2\/media?parent=1100"}],"curies":[{"name":"wp","href":"https:\/\/api.w.org\/{rel}","templated":true}]}}